{"id":140,"date":"2024-09-22T02:56:20","date_gmt":"2024-09-22T02:56:20","guid":{"rendered":"https:\/\/flamaprotect.com\/tienda\/?post_type=product&#038;p=140"},"modified":"2024-11-05T12:25:12","modified_gmt":"2024-11-05T12:25:12","slug":"extintor-polvo-pi-6-abc","status":"publish","type":"product","link":"https:\/\/flamaprotect.com\/tienda\/producto\/extintor-polvo-pi-6-abc\/","title":{"rendered":"EXTINTOR POLVO PI-6 ABC"},"content":{"rendered":"<p>\u2013 Incluye soporte pared<\/p>\n<p>\u2013 Presi\u00f3n incorporada<\/p>\n<p>\u2013 V\u00e1lvula de disparo r\u00e1pido con dispositivo de comprobaci\u00f3n de presi\u00f3n interna<\/p>\n<p>\u2013 Man\u00f3metro autocomprobable<\/p>\n<p>\u2013 Cuerpo extintor de chapa de acero laminado AP04<\/p>\n<p>\u2013 Pintura poli\u00e9ster sin plomo ni TGIC, resistente a la radiaci\u00f3n ultravioleta<\/p>\n<p>\u2013 Manguera de caucho flexible con revestimiento externo de poliamida negra y difusor tubular<\/p>\n","protected":false},"excerpt":{"rendered":"<table class=\"shop_attributes\">\n<tbody>\n<tr class=\"\">\n<th>Peso<\/th>\n<td class=\"product_weight\">9.22 kg<\/td>\n<\/tr>\n<tr class=\"alt\">\n<th>Altura m\u00e1xima (mm):<\/th>\n<td>528<\/td>\n<\/tr>\n<tr class=\"\">\n<th>Di\u00e1metro (mm):<\/th>\n<td>150<\/td>\n<\/tr>\n<tr class=\"alt\">\n<th>Eficacia:<\/th>\n<td>27A &#8211; 183B &#8211; C<\/td>\n<\/tr>\n<tr class=\"\">\n<th>Agente extintor:<\/th>\n<td>ABC30<\/td>\n<\/tr>\n<tr class=\"alt\">\n<th>Agente propulsor:<\/th>\n<td>N2<\/td>\n<\/tr>\n<tr class=\"\">\n<th>Modelo de extintor:<\/th>\n<td>PI-6<\/td>\n<\/tr>\n<tr class=\"alt\">\n<th>Temperatura de utilizaci\u00f3n (\u00baC):<\/th>\n<td>-20\u00ba \/ 60\u00ba<\/td>\n<\/tr>\n<tr class=\"\">\n<th>Presi\u00f3n de prueba (BAR):<\/th>\n<td>23 BAR<\/td>\n<\/tr>\n<tr class=\"alt\">\n<th>Ensayo diel\u00e9ctico (Kv):<\/th>\n<td>50 Kv<\/td>\n<\/tr>\n<\/tbody>\n<\/table>\n","protected":false},"featured_media":141,"comment_status":"open","ping_status":"closed","template":"","meta":[],"product_cat":[15,28,40],"product_tag":[],"class_list":{"0":"post-140","1":"product","2":"type-product","3":"status-publish","4":"has-post-thumbnail","6":"product_cat-sin-categorizar","7":"product_cat-portatiles","8":"product_cat-productes","10":"first","11":"instock","12":"shipping-taxable","13":"purchasable","14":"product-type-simple"},"yoast_head":"<!-- This site is optimized with the Yoast SEO plugin v23.8 - https:\/\/yoast.com\/wordpress\/plugins\/seo\/ -->\n<title>EXTINTOR POLVO PI-6 ABC - Flamaprotect tienda online<\/title>\n<meta name=\"robots\" content=\"index, follow, max-snippet:-1, max-image-preview:large, max-video-preview:-1\" \/>\n<link rel=\"canonical\" href=\"https:\/\/flamaprotect.com\/tienda\/producto\/extintor-polvo-pi-6-abc\/\" \/>\n<meta property=\"og:locale\" content=\"es_ES\" \/>\n<meta property=\"og:type\" content=\"article\" \/>\n<meta property=\"og:title\" content=\"EXTINTOR POLVO PI-6 ABC - Flamaprotect tienda online\" \/>\n<meta property=\"og:description\" content=\"Peso 9.22 kg   Altura m\u00e1xima (mm): 528   Di\u00e1metro (mm): 150   Eficacia: 27A - 183B - C   Agente extintor: ABC30   Agente propulsor: N2   Modelo de extintor: PI-6   Temperatura de utilizaci\u00f3n (\u00baC): -20\u00ba \/ 60\u00ba   Presi\u00f3n de prueba (BAR): 23 BAR   Ensayo diel\u00e9ctico (Kv): 50 Kv\" \/>\n<meta property=\"og:url\" content=\"https:\/\/flamaprotect.com\/tienda\/producto\/extintor-polvo-pi-6-abc\/\" \/>\n<meta property=\"og:site_name\" content=\"Flamaprotect tienda online\" \/>\n<meta property=\"article:modified_time\" content=\"2024-11-05T12:25:12+00:00\" \/>\n<meta property=\"og:image\" content=\"https:\/\/flamaprotect.com\/tienda\/wp-content\/uploads\/2024\/09\/6kg_27A_esp-600x800-1.png\" \/>\n\t<meta property=\"og:image:width\" content=\"600\" \/>\n\t<meta property=\"og:image:height\" content=\"800\" \/>\n\t<meta property=\"og:image:type\" content=\"image\/png\" \/>\n<meta name=\"twitter:card\" content=\"summary_large_image\" \/>\n<script type=\"application\/ld+json\" class=\"yoast-schema-graph\">{\"@context\":\"https:\/\/schema.org\",\"@graph\":[{\"@type\":\"WebPage\",\"@id\":\"https:\/\/flamaprotect.com\/tienda\/producto\/extintor-polvo-pi-6-abc\/\",\"url\":\"https:\/\/flamaprotect.com\/tienda\/producto\/extintor-polvo-pi-6-abc\/\",\"name\":\"EXTINTOR POLVO PI-6 ABC - Flamaprotect tienda online\",\"isPartOf\":{\"@id\":\"https:\/\/flamaprotect.com\/tienda\/#website\"},\"primaryImageOfPage\":{\"@id\":\"https:\/\/flamaprotect.com\/tienda\/producto\/extintor-polvo-pi-6-abc\/#primaryimage\"},\"image\":{\"@id\":\"https:\/\/flamaprotect.com\/tienda\/producto\/extintor-polvo-pi-6-abc\/#primaryimage\"},\"thumbnailUrl\":\"https:\/\/flamaprotect.com\/tienda\/wp-content\/uploads\/2024\/09\/6kg_27A_esp-600x800-1.png\",\"datePublished\":\"2024-09-22T02:56:20+00:00\",\"dateModified\":\"2024-11-05T12:25:12+00:00\",\"breadcrumb\":{\"@id\":\"https:\/\/flamaprotect.com\/tienda\/producto\/extintor-polvo-pi-6-abc\/#breadcrumb\"},\"inLanguage\":\"es\",\"potentialAction\":[{\"@type\":\"ReadAction\",\"target\":[\"https:\/\/flamaprotect.com\/tienda\/producto\/extintor-polvo-pi-6-abc\/\"]}]},{\"@type\":\"ImageObject\",\"inLanguage\":\"es\",\"@id\":\"https:\/\/flamaprotect.com\/tienda\/producto\/extintor-polvo-pi-6-abc\/#primaryimage\",\"url\":\"https:\/\/flamaprotect.com\/tienda\/wp-content\/uploads\/2024\/09\/6kg_27A_esp-600x800-1.png\",\"contentUrl\":\"https:\/\/flamaprotect.com\/tienda\/wp-content\/uploads\/2024\/09\/6kg_27A_esp-600x800-1.png\",\"width\":600,\"height\":800},{\"@type\":\"BreadcrumbList\",\"@id\":\"https:\/\/flamaprotect.com\/tienda\/producto\/extintor-polvo-pi-6-abc\/#breadcrumb\",\"itemListElement\":[{\"@type\":\"ListItem\",\"position\":1,\"name\":\"Portada\",\"item\":\"https:\/\/flamaprotect.com\/tienda\/\"},{\"@type\":\"ListItem\",\"position\":2,\"name\":\"Tienda\",\"item\":\"https:\/\/flamaprotect.com\/tienda\/tienda\/\"},{\"@type\":\"ListItem\",\"position\":3,\"name\":\"EXTINTOR POLVO PI-6 ABC\"}]},{\"@type\":\"WebSite\",\"@id\":\"https:\/\/flamaprotect.com\/tienda\/#website\",\"url\":\"https:\/\/flamaprotect.com\/tienda\/\",\"name\":\"Flamaprotect tienda online\",\"description\":\"\",\"potentialAction\":[{\"@type\":\"SearchAction\",\"target\":{\"@type\":\"EntryPoint\",\"urlTemplate\":\"https:\/\/flamaprotect.com\/tienda\/?s={search_term_string}\"},\"query-input\":{\"@type\":\"PropertyValueSpecification\",\"valueRequired\":true,\"valueName\":\"search_term_string\"}}],\"inLanguage\":\"es\"}]}<\/script>\n<!-- \/ Yoast SEO plugin. -->","yoast_head_json":{"title":"EXTINTOR POLVO PI-6 ABC - Flamaprotect tienda online","robots":{"index":"index","follow":"follow","max-snippet":"max-snippet:-1","max-image-preview":"max-image-preview:large","max-video-preview":"max-video-preview:-1"},"canonical":"https:\/\/flamaprotect.com\/tienda\/producto\/extintor-polvo-pi-6-abc\/","og_locale":"es_ES","og_type":"article","og_title":"EXTINTOR POLVO PI-6 ABC - Flamaprotect tienda online","og_description":"Peso 9.22 kg   Altura m\u00e1xima (mm): 528   Di\u00e1metro (mm): 150   Eficacia: 27A - 183B - C   Agente extintor: ABC30   Agente propulsor: N2   Modelo de extintor: PI-6   Temperatura de utilizaci\u00f3n (\u00baC): -20\u00ba \/ 60\u00ba   Presi\u00f3n de prueba (BAR): 23 BAR   Ensayo diel\u00e9ctico (Kv): 50 Kv","og_url":"https:\/\/flamaprotect.com\/tienda\/producto\/extintor-polvo-pi-6-abc\/","og_site_name":"Flamaprotect tienda online","article_modified_time":"2024-11-05T12:25:12+00:00","og_image":[{"width":600,"height":800,"url":"https:\/\/flamaprotect.com\/tienda\/wp-content\/uploads\/2024\/09\/6kg_27A_esp-600x800-1.png","type":"image\/png"}],"twitter_card":"summary_large_image","schema":{"@context":"https:\/\/schema.org","@graph":[{"@type":"WebPage","@id":"https:\/\/flamaprotect.com\/tienda\/producto\/extintor-polvo-pi-6-abc\/","url":"https:\/\/flamaprotect.com\/tienda\/producto\/extintor-polvo-pi-6-abc\/","name":"EXTINTOR POLVO PI-6 ABC - Flamaprotect tienda online","isPartOf":{"@id":"https:\/\/flamaprotect.com\/tienda\/#website"},"primaryImageOfPage":{"@id":"https:\/\/flamaprotect.com\/tienda\/producto\/extintor-polvo-pi-6-abc\/#primaryimage"},"image":{"@id":"https:\/\/flamaprotect.com\/tienda\/producto\/extintor-polvo-pi-6-abc\/#primaryimage"},"thumbnailUrl":"https:\/\/flamaprotect.com\/tienda\/wp-content\/uploads\/2024\/09\/6kg_27A_esp-600x800-1.png","datePublished":"2024-09-22T02:56:20+00:00","dateModified":"2024-11-05T12:25:12+00:00","breadcrumb":{"@id":"https:\/\/flamaprotect.com\/tienda\/producto\/extintor-polvo-pi-6-abc\/#breadcrumb"},"inLanguage":"es","potentialAction":[{"@type":"ReadAction","target":["https:\/\/flamaprotect.com\/tienda\/producto\/extintor-polvo-pi-6-abc\/"]}]},{"@type":"ImageObject","inLanguage":"es","@id":"https:\/\/flamaprotect.com\/tienda\/producto\/extintor-polvo-pi-6-abc\/#primaryimage","url":"https:\/\/flamaprotect.com\/tienda\/wp-content\/uploads\/2024\/09\/6kg_27A_esp-600x800-1.png","contentUrl":"https:\/\/flamaprotect.com\/tienda\/wp-content\/uploads\/2024\/09\/6kg_27A_esp-600x800-1.png","width":600,"height":800},{"@type":"BreadcrumbList","@id":"https:\/\/flamaprotect.com\/tienda\/producto\/extintor-polvo-pi-6-abc\/#breadcrumb","itemListElement":[{"@type":"ListItem","position":1,"name":"Portada","item":"https:\/\/flamaprotect.com\/tienda\/"},{"@type":"ListItem","position":2,"name":"Tienda","item":"https:\/\/flamaprotect.com\/tienda\/tienda\/"},{"@type":"ListItem","position":3,"name":"EXTINTOR POLVO PI-6 ABC"}]},{"@type":"WebSite","@id":"https:\/\/flamaprotect.com\/tienda\/#website","url":"https:\/\/flamaprotect.com\/tienda\/","name":"Flamaprotect tienda online","description":"","potentialAction":[{"@type":"SearchAction","target":{"@type":"EntryPoint","urlTemplate":"https:\/\/flamaprotect.com\/tienda\/?s={search_term_string}"},"query-input":{"@type":"PropertyValueSpecification","valueRequired":true,"valueName":"search_term_string"}}],"inLanguage":"es"}]}},"_links":{"self":[{"href":"https:\/\/flamaprotect.com\/tienda\/wp-json\/wp\/v2\/product\/140","targetHints":{"allow":["GET"]}}],"collection":[{"href":"https:\/\/flamaprotect.com\/tienda\/wp-json\/wp\/v2\/product"}],"about":[{"href":"https:\/\/flamaprotect.com\/tienda\/wp-json\/wp\/v2\/types\/product"}],"replies":[{"embeddable":true,"href":"https:\/\/flamaprotect.com\/tienda\/wp-json\/wp\/v2\/comments?post=140"}],"wp:featuredmedia":[{"embeddable":true,"href":"https:\/\/flamaprotect.com\/tienda\/wp-json\/wp\/v2\/media\/141"}],"wp:attachment":[{"href":"https:\/\/flamaprotect.com\/tienda\/wp-json\/wp\/v2\/media?parent=140"}],"wp:term":[{"taxonomy":"product_cat","embeddable":true,"href":"https:\/\/flamaprotect.com\/tienda\/wp-json\/wp\/v2\/product_cat?post=140"},{"taxonomy":"product_tag","embeddable":true,"href":"https:\/\/flamaprotect.com\/tienda\/wp-json\/wp\/v2\/product_tag?post=140"}],"curies":[{"name":"wp","href":"https:\/\/api.w.org\/{rel}","templated":true}]}}