{"id":518,"date":"2024-11-05T12:08:17","date_gmt":"2024-11-05T12:08:17","guid":{"rendered":"https:\/\/flamaprotect.com\/tienda\/?post_type=product&#038;p=518"},"modified":"2024-11-05T21:25:13","modified_gmt":"2024-11-05T21:25:13","slug":"pi-6lf-extintores-especiales-para-fuegos-ion-litio","status":"publish","type":"product","link":"https:\/\/flamaprotect.com\/tienda\/producto\/pi-6lf-extintores-especiales-para-fuegos-ion-litio\/","title":{"rendered":"PI-6LF EXTINTORES ESPECIALES PARA FUEGOS ION-LITIO"},"content":{"rendered":"<p>\u2192 Presi\u00f3n incorporada<br \/>\n\u2192 V\u00e1lvula de disparo r\u00e1pido con dispositivo de comprobaci\u00f3n de presi\u00f3n interna<br \/>\n\u2192 Man\u00f3metro autocomprobable<br \/>\n\u2192 Cuerpo extintor de chapa de acero laminado AP04<br \/>\n\u2192 Pintura poli\u00e9ster sin plomo ni TGIC, resistente a la radiaci\u00f3n ultravioleta<br \/>\n\u2192 Manguera de PVC flexible con refuerzo de fibra interior y difusor tubular con aditivos<br \/>\nt\u00e9rmicos<br \/>\n\u2192 Riesgo de congelaci\u00f3n en temperaturas inferiores a 0 \u00baC<br \/>\n\u2192 Fabricados seg\u00fan norma europea: EN 3-7 (extintores port\u00e1tiles) y EN 1866<br \/>\n(extintores m\u00f3viles)<br \/>\n\u2192 Revestimiento interno antioxidante<br \/>\n\u2192 Ensayados en AFITI-LICOF<\/p>\n","protected":false},"excerpt":{"rendered":"<table class=\"shop_attributes\">\n<tbody>\n<tr class=\"\">\n<th>Referencia<\/th>\n<td class=\"product_weight\">E6LF<\/td>\n<\/tr>\n<tr class=\"alt\">\n<th>Eficacia<\/th>\n<td>13A &#8211; Li<\/td>\n<\/tr>\n<tr class=\"\">\n<th>Agente extintor<\/th>\n<td>Agua 6 litros + R31L 4 %<\/td>\n<\/tr>\n<tr class=\"alt\">\n<th>Agente propulsor<\/th>\n<td>Nitr\u00f3geno (N2)<\/td>\n<\/tr>\n<tr class=\"\">\n<th>Altura m\u00e1xima (mm)<\/th>\n<td>528<\/td>\n<\/tr>\n<tr class=\"alt\">\n<th>Di\u00e1metro (mm)<\/th>\n<td>150<\/td>\n<\/tr>\n<tr class=\"\">\n<th>Peso (kg)<\/th>\n<td>9,2<\/td>\n<\/tr>\n<tr class=\"alt\">\n<th>Temperatura utilizaci\u00f3n<\/th>\n<td>+5\u00ba | +60\u00ba<\/td>\n<\/tr>\n<tr class=\"\">\n<th>Presi\u00f3n prueba<\/th>\n<td>23 bar<\/td>\n<\/tr>\n<tr class=\"alt\">\n<th>Ensayo diel\u00e9ctico (Kv):<\/th>\n<td>1000 V (ensayo a 35 kV)<\/td>\n<\/tr>\n<\/tbody>\n<\/table>\n","protected":false},"featured_media":520,"comment_status":"open","ping_status":"closed","template":"","meta":[],"product_cat":[15,28,40],"product_tag":[],"class_list":{"0":"post-518","1":"product","2":"type-product","3":"status-publish","4":"has-post-thumbnail","6":"product_cat-sin-categorizar","7":"product_cat-portatiles","8":"product_cat-productes","10":"first","11":"instock","12":"shipping-taxable","13":"purchasable","14":"product-type-simple"},"yoast_head":"<!-- This site is optimized with the Yoast SEO plugin v23.8 - https:\/\/yoast.com\/wordpress\/plugins\/seo\/ -->\n<title>PI-6LF EXTINTORES ESPECIALES PARA FUEGOS ION-LITIO - Flamaprotect tienda online<\/title>\n<meta name=\"robots\" content=\"index, follow, max-snippet:-1, max-image-preview:large, max-video-preview:-1\" \/>\n<link rel=\"canonical\" href=\"https:\/\/flamaprotect.com\/tienda\/producto\/pi-6lf-extintores-especiales-para-fuegos-ion-litio\/\" \/>\n<meta property=\"og:locale\" content=\"es_ES\" \/>\n<meta property=\"og:type\" content=\"article\" \/>\n<meta property=\"og:title\" content=\"PI-6LF EXTINTORES ESPECIALES PARA FUEGOS ION-LITIO - Flamaprotect tienda online\" \/>\n<meta property=\"og:description\" content=\"Referencia E6LF   Eficacia 13A - Li   Agente extintor Agua 6 litros + R31L 4 %   Agente propulsor Nitr\u00f3geno (N2)   Altura m\u00e1xima (mm) 528   Di\u00e1metro (mm) 150   Peso (kg) 9,2   Temperatura utilizaci\u00f3n +5\u00ba | +60\u00ba   Presi\u00f3n prueba 23 bar   Ensayo diel\u00e9ctico (Kv): 1000 V (ensayo a 35 kV)\" \/>\n<meta property=\"og:url\" content=\"https:\/\/flamaprotect.com\/tienda\/producto\/pi-6lf-extintores-especiales-para-fuegos-ion-litio\/\" \/>\n<meta property=\"og:site_name\" content=\"Flamaprotect tienda online\" \/>\n<meta property=\"article:modified_time\" content=\"2024-11-05T21:25:13+00:00\" \/>\n<meta property=\"og:image\" content=\"https:\/\/flamaprotect.com\/tienda\/wp-content\/uploads\/EXTINTORES-LITIO-6-kg.png\" \/>\n\t<meta property=\"og:image:width\" content=\"336\" \/>\n\t<meta property=\"og:image:height\" content=\"484\" \/>\n\t<meta property=\"og:image:type\" content=\"image\/png\" \/>\n<meta name=\"twitter:card\" content=\"summary_large_image\" \/>\n<script type=\"application\/ld+json\" class=\"yoast-schema-graph\">{\"@context\":\"https:\/\/schema.org\",\"@graph\":[{\"@type\":\"WebPage\",\"@id\":\"https:\/\/flamaprotect.com\/tienda\/producto\/pi-6lf-extintores-especiales-para-fuegos-ion-litio\/\",\"url\":\"https:\/\/flamaprotect.com\/tienda\/producto\/pi-6lf-extintores-especiales-para-fuegos-ion-litio\/\",\"name\":\"PI-6LF EXTINTORES ESPECIALES PARA FUEGOS ION-LITIO - Flamaprotect tienda online\",\"isPartOf\":{\"@id\":\"https:\/\/flamaprotect.com\/tienda\/#website\"},\"primaryImageOfPage\":{\"@id\":\"https:\/\/flamaprotect.com\/tienda\/producto\/pi-6lf-extintores-especiales-para-fuegos-ion-litio\/#primaryimage\"},\"image\":{\"@id\":\"https:\/\/flamaprotect.com\/tienda\/producto\/pi-6lf-extintores-especiales-para-fuegos-ion-litio\/#primaryimage\"},\"thumbnailUrl\":\"https:\/\/flamaprotect.com\/tienda\/wp-content\/uploads\/EXTINTORES-LITIO-6-kg.png\",\"datePublished\":\"2024-11-05T12:08:17+00:00\",\"dateModified\":\"2024-11-05T21:25:13+00:00\",\"breadcrumb\":{\"@id\":\"https:\/\/flamaprotect.com\/tienda\/producto\/pi-6lf-extintores-especiales-para-fuegos-ion-litio\/#breadcrumb\"},\"inLanguage\":\"es\",\"potentialAction\":[{\"@type\":\"ReadAction\",\"target\":[\"https:\/\/flamaprotect.com\/tienda\/producto\/pi-6lf-extintores-especiales-para-fuegos-ion-litio\/\"]}]},{\"@type\":\"ImageObject\",\"inLanguage\":\"es\",\"@id\":\"https:\/\/flamaprotect.com\/tienda\/producto\/pi-6lf-extintores-especiales-para-fuegos-ion-litio\/#primaryimage\",\"url\":\"https:\/\/flamaprotect.com\/tienda\/wp-content\/uploads\/EXTINTORES-LITIO-6-kg.png\",\"contentUrl\":\"https:\/\/flamaprotect.com\/tienda\/wp-content\/uploads\/EXTINTORES-LITIO-6-kg.png\",\"width\":336,\"height\":484},{\"@type\":\"BreadcrumbList\",\"@id\":\"https:\/\/flamaprotect.com\/tienda\/producto\/pi-6lf-extintores-especiales-para-fuegos-ion-litio\/#breadcrumb\",\"itemListElement\":[{\"@type\":\"ListItem\",\"position\":1,\"name\":\"Portada\",\"item\":\"https:\/\/flamaprotect.com\/tienda\/\"},{\"@type\":\"ListItem\",\"position\":2,\"name\":\"Tienda\",\"item\":\"https:\/\/flamaprotect.com\/tienda\/tienda\/\"},{\"@type\":\"ListItem\",\"position\":3,\"name\":\"PI-6LF EXTINTORES ESPECIALES PARA FUEGOS ION-LITIO\"}]},{\"@type\":\"WebSite\",\"@id\":\"https:\/\/flamaprotect.com\/tienda\/#website\",\"url\":\"https:\/\/flamaprotect.com\/tienda\/\",\"name\":\"Flamaprotect tienda online\",\"description\":\"\",\"potentialAction\":[{\"@type\":\"SearchAction\",\"target\":{\"@type\":\"EntryPoint\",\"urlTemplate\":\"https:\/\/flamaprotect.com\/tienda\/?s={search_term_string}\"},\"query-input\":{\"@type\":\"PropertyValueSpecification\",\"valueRequired\":true,\"valueName\":\"search_term_string\"}}],\"inLanguage\":\"es\"}]}<\/script>\n<!-- \/ Yoast SEO plugin. -->","yoast_head_json":{"title":"PI-6LF EXTINTORES ESPECIALES PARA FUEGOS ION-LITIO - Flamaprotect tienda online","robots":{"index":"index","follow":"follow","max-snippet":"max-snippet:-1","max-image-preview":"max-image-preview:large","max-video-preview":"max-video-preview:-1"},"canonical":"https:\/\/flamaprotect.com\/tienda\/producto\/pi-6lf-extintores-especiales-para-fuegos-ion-litio\/","og_locale":"es_ES","og_type":"article","og_title":"PI-6LF EXTINTORES ESPECIALES PARA FUEGOS ION-LITIO - Flamaprotect tienda online","og_description":"Referencia E6LF   Eficacia 13A - Li   Agente extintor Agua 6 litros + R31L 4 %   Agente propulsor Nitr\u00f3geno (N2)   Altura m\u00e1xima (mm) 528   Di\u00e1metro (mm) 150   Peso (kg) 9,2   Temperatura utilizaci\u00f3n +5\u00ba | +60\u00ba   Presi\u00f3n prueba 23 bar   Ensayo diel\u00e9ctico (Kv): 1000 V (ensayo a 35 kV)","og_url":"https:\/\/flamaprotect.com\/tienda\/producto\/pi-6lf-extintores-especiales-para-fuegos-ion-litio\/","og_site_name":"Flamaprotect tienda online","article_modified_time":"2024-11-05T21:25:13+00:00","og_image":[{"width":336,"height":484,"url":"https:\/\/flamaprotect.com\/tienda\/wp-content\/uploads\/EXTINTORES-LITIO-6-kg.png","type":"image\/png"}],"twitter_card":"summary_large_image","schema":{"@context":"https:\/\/schema.org","@graph":[{"@type":"WebPage","@id":"https:\/\/flamaprotect.com\/tienda\/producto\/pi-6lf-extintores-especiales-para-fuegos-ion-litio\/","url":"https:\/\/flamaprotect.com\/tienda\/producto\/pi-6lf-extintores-especiales-para-fuegos-ion-litio\/","name":"PI-6LF EXTINTORES ESPECIALES PARA FUEGOS ION-LITIO - Flamaprotect tienda online","isPartOf":{"@id":"https:\/\/flamaprotect.com\/tienda\/#website"},"primaryImageOfPage":{"@id":"https:\/\/flamaprotect.com\/tienda\/producto\/pi-6lf-extintores-especiales-para-fuegos-ion-litio\/#primaryimage"},"image":{"@id":"https:\/\/flamaprotect.com\/tienda\/producto\/pi-6lf-extintores-especiales-para-fuegos-ion-litio\/#primaryimage"},"thumbnailUrl":"https:\/\/flamaprotect.com\/tienda\/wp-content\/uploads\/EXTINTORES-LITIO-6-kg.png","datePublished":"2024-11-05T12:08:17+00:00","dateModified":"2024-11-05T21:25:13+00:00","breadcrumb":{"@id":"https:\/\/flamaprotect.com\/tienda\/producto\/pi-6lf-extintores-especiales-para-fuegos-ion-litio\/#breadcrumb"},"inLanguage":"es","potentialAction":[{"@type":"ReadAction","target":["https:\/\/flamaprotect.com\/tienda\/producto\/pi-6lf-extintores-especiales-para-fuegos-ion-litio\/"]}]},{"@type":"ImageObject","inLanguage":"es","@id":"https:\/\/flamaprotect.com\/tienda\/producto\/pi-6lf-extintores-especiales-para-fuegos-ion-litio\/#primaryimage","url":"https:\/\/flamaprotect.com\/tienda\/wp-content\/uploads\/EXTINTORES-LITIO-6-kg.png","contentUrl":"https:\/\/flamaprotect.com\/tienda\/wp-content\/uploads\/EXTINTORES-LITIO-6-kg.png","width":336,"height":484},{"@type":"BreadcrumbList","@id":"https:\/\/flamaprotect.com\/tienda\/producto\/pi-6lf-extintores-especiales-para-fuegos-ion-litio\/#breadcrumb","itemListElement":[{"@type":"ListItem","position":1,"name":"Portada","item":"https:\/\/flamaprotect.com\/tienda\/"},{"@type":"ListItem","position":2,"name":"Tienda","item":"https:\/\/flamaprotect.com\/tienda\/tienda\/"},{"@type":"ListItem","position":3,"name":"PI-6LF EXTINTORES ESPECIALES PARA FUEGOS ION-LITIO"}]},{"@type":"WebSite","@id":"https:\/\/flamaprotect.com\/tienda\/#website","url":"https:\/\/flamaprotect.com\/tienda\/","name":"Flamaprotect tienda online","description":"","potentialAction":[{"@type":"SearchAction","target":{"@type":"EntryPoint","urlTemplate":"https:\/\/flamaprotect.com\/tienda\/?s={search_term_string}"},"query-input":{"@type":"PropertyValueSpecification","valueRequired":true,"valueName":"search_term_string"}}],"inLanguage":"es"}]}},"_links":{"self":[{"href":"https:\/\/flamaprotect.com\/tienda\/wp-json\/wp\/v2\/product\/518","targetHints":{"allow":["GET"]}}],"collection":[{"href":"https:\/\/flamaprotect.com\/tienda\/wp-json\/wp\/v2\/product"}],"about":[{"href":"https:\/\/flamaprotect.com\/tienda\/wp-json\/wp\/v2\/types\/product"}],"replies":[{"embeddable":true,"href":"https:\/\/flamaprotect.com\/tienda\/wp-json\/wp\/v2\/comments?post=518"}],"wp:featuredmedia":[{"embeddable":true,"href":"https:\/\/flamaprotect.com\/tienda\/wp-json\/wp\/v2\/media\/520"}],"wp:attachment":[{"href":"https:\/\/flamaprotect.com\/tienda\/wp-json\/wp\/v2\/media?parent=518"}],"wp:term":[{"taxonomy":"product_cat","embeddable":true,"href":"https:\/\/flamaprotect.com\/tienda\/wp-json\/wp\/v2\/product_cat?post=518"},{"taxonomy":"product_tag","embeddable":true,"href":"https:\/\/flamaprotect.com\/tienda\/wp-json\/wp\/v2\/product_tag?post=518"}],"curies":[{"name":"wp","href":"https:\/\/api.w.org\/{rel}","templated":true}]}}